{"id":1042,"date":"2023-02-08T10:20:59","date_gmt":"2023-02-08T10:20:59","guid":{"rendered":"https:\/\/2023.lafermedesbelugues.com\/verkoestigung\/"},"modified":"2023-02-08T14:32:28","modified_gmt":"2023-02-08T14:32:28","slug":"verkoestigung","status":"publish","type":"page","link":"https:\/\/lafermedesbelugues.com\/de\/verkoestigung\/","title":{"rendered":"Verk\u00f6stigung"},"content":{"rendered":"\n\t<section class=\"section dark\" id=\"section_1331406191\">\n\t\t<div class=\"bg section-bg fill bg-fill  bg-loaded\" >\n\n\t\t\t\n\t\t\t\n\t\t\t\n\n\t\t<\/div>\n\n\t\t\n\n\t\t<div class=\"section-content relative\">\n\t\t\t\n\n<div class=\"row row-collapse row-full-width align-middle\"  id=\"row-385858624\">\n\n\n\t<div id=\"col-1835868558\" class=\"col medium-12 small-12 large-12\"  >\n\t\t\t\t<div class=\"col-inner\"  >\n\t\t\t\n\t\t\t\n\n<div class=\"slider-wrapper relative\" id=\"slider-680054994\" >\n    <div class=\"slider slider-type-fade slider-nav-dots-simple slider-nav-circle slider-nav-large slider-nav-light slider-style-normal slider-show-nav\"\n        data-flickity-options='{\n            \"cellAlign\": \"center\",\n            \"imagesLoaded\": true,\n            \"lazyLoad\": 1,\n            \"freeScroll\": false,\n            \"wrapAround\": true,\n            \"autoPlay\": 6000,\n            \"pauseAutoPlayOnHover\" : true,\n            \"prevNextButtons\": true,\n            \"contain\" : true,\n            \"adaptiveHeight\" : true,\n            \"dragThreshold\" : 10,\n            \"percentPosition\": true,\n            \"pageDots\": true,\n            \"rightToLeft\": false,\n            \"draggable\": true,\n            \"selectedAttraction\": 0.1,\n            \"parallax\" : 0,\n            \"friction\": 0.6        }'\n        >\n        \n\n\n  <div class=\"banner has-hover is-full-height\" id=\"banner-2031540196\">\n          <div class=\"banner-inner fill\">\n        <div class=\"banner-bg fill\" >\n            <div class=\"bg fill bg-fill \"><\/div>\n                                    \n                    <\/div>\n\t\t\n        <div class=\"banner-layers container\">\n            <div class=\"fill banner-link\"><\/div>            \n\n\n        <\/div>\n      <\/div>\n\n            \n<style>\n#banner-2031540196 {\n  padding-top: 70.25%;\n}\n#banner-2031540196 .bg.bg-loaded {\n  background-image: url(https:\/\/lafermedesbelugues.com\/wp-content\/uploads\/2023\/02\/download-6-scaled.jpg);\n}\n#banner-2031540196 .bg {\n  background-position: 0% 0%;\n}\n#banner-2031540196 .ux-shape-divider--top svg {\n  height: 150px;\n  --divider-top-width: 100%;\n}\n#banner-2031540196 .ux-shape-divider--bottom svg {\n  height: 150px;\n  --divider-width: 100%;\n}\n@media (min-width:550px) {\n  #banner-2031540196 {\n    padding-top: 100%;\n  }\n}\n<\/style>\n  <\/div>\n\n\n\n  <div class=\"banner has-hover is-full-height\" id=\"banner-1625179374\">\n          <div class=\"banner-inner fill\">\n        <div class=\"banner-bg fill\" >\n            <div class=\"bg fill bg-fill \"><\/div>\n                                    \n                    <\/div>\n\t\t\n        <div class=\"banner-layers container\">\n            <div class=\"fill banner-link\"><\/div>            \n\n\n        <\/div>\n      <\/div>\n\n            \n<style>\n#banner-1625179374 {\n  padding-top: 70.25%;\n}\n#banner-1625179374 .bg.bg-loaded {\n  background-image: url(https:\/\/lafermedesbelugues.com\/wp-content\/uploads\/2023\/02\/download-1-4-scaled.jpg);\n}\n#banner-1625179374 .bg {\n  background-position: 55% 27%;\n}\n#banner-1625179374 .ux-shape-divider--top svg {\n  height: 150px;\n  --divider-top-width: 100%;\n}\n#banner-1625179374 .ux-shape-divider--bottom svg {\n  height: 150px;\n  --divider-width: 100%;\n}\n@media (min-width:550px) {\n  #banner-1625179374 {\n    padding-top: 100%;\n  }\n}\n<\/style>\n  <\/div>\n\n\n\n  <div class=\"banner has-hover is-full-height\" id=\"banner-1778659725\">\n          <div class=\"banner-inner fill\">\n        <div class=\"banner-bg fill\" >\n            <div class=\"bg fill bg-fill \"><\/div>\n                                    \n                    <\/div>\n\t\t\n        <div class=\"banner-layers container\">\n            <div class=\"fill banner-link\"><\/div>            \n\n\n        <\/div>\n      <\/div>\n\n            \n<style>\n#banner-1778659725 {\n  padding-top: 70.25%;\n}\n#banner-1778659725 .bg.bg-loaded {\n  background-image: url(https:\/\/lafermedesbelugues.com\/wp-content\/uploads\/2023\/02\/download-2-1-scaled.jpg);\n}\n#banner-1778659725 .bg {\n  background-position: 54% 54%;\n}\n#banner-1778659725 .ux-shape-divider--top svg {\n  height: 150px;\n  --divider-top-width: 100%;\n}\n#banner-1778659725 .ux-shape-divider--bottom svg {\n  height: 150px;\n  --divider-width: 100%;\n}\n@media (min-width:550px) {\n  #banner-1778659725 {\n    padding-top: 100%;\n  }\n}\n<\/style>\n  <\/div>\n\n\n\n  <div class=\"banner has-hover is-full-height\" id=\"banner-394191344\">\n          <div class=\"banner-inner fill\">\n        <div class=\"banner-bg fill\" >\n            <div class=\"bg fill bg-fill \"><\/div>\n                                    \n                    <\/div>\n\t\t\n        <div class=\"banner-layers container\">\n            <div class=\"fill banner-link\"><\/div>            \n\n\n        <\/div>\n      <\/div>\n\n            \n<style>\n#banner-394191344 {\n  padding-top: 70.25%;\n}\n#banner-394191344 .bg.bg-loaded {\n  background-image: url(https:\/\/lafermedesbelugues.com\/wp-content\/uploads\/2023\/02\/download-4-1-scaled.jpg);\n}\n#banner-394191344 .bg {\n  background-position: 54% 54%;\n}\n#banner-394191344 .ux-shape-divider--top svg {\n  height: 150px;\n  --divider-top-width: 100%;\n}\n#banner-394191344 .ux-shape-divider--bottom svg {\n  height: 150px;\n  --divider-width: 100%;\n}\n@media (min-width:550px) {\n  #banner-394191344 {\n    padding-top: 100%;\n  }\n}\n<\/style>\n  <\/div>\n\n\n\n  <div class=\"banner has-hover is-full-height\" id=\"banner-910635647\">\n          <div class=\"banner-inner fill\">\n        <div class=\"banner-bg fill\" >\n            <div class=\"bg fill bg-fill \"><\/div>\n                                    \n                    <\/div>\n\t\t\n        <div class=\"banner-layers container\">\n            <div class=\"fill banner-link\"><\/div>            \n\n\n        <\/div>\n      <\/div>\n\n            \n<style>\n#banner-910635647 {\n  padding-top: 70.25%;\n}\n#banner-910635647 .bg.bg-loaded {\n  background-image: url(https:\/\/lafermedesbelugues.com\/wp-content\/uploads\/2023\/02\/download-3-1-scaled.jpg);\n}\n#banner-910635647 .bg {\n  background-position: 55% 0%;\n}\n#banner-910635647 .ux-shape-divider--top svg {\n  height: 150px;\n  --divider-top-width: 100%;\n}\n#banner-910635647 .ux-shape-divider--bottom svg {\n  height: 150px;\n  --divider-width: 100%;\n}\n@media (min-width:550px) {\n  #banner-910635647 {\n    padding-top: 100%;\n  }\n}\n<\/style>\n  <\/div>\n\n\n\n     <\/div>\n\n     <div class=\"loading-spin dark large centered\"><\/div>\n\n     \t<\/div>\n\n\n\n\t\t<\/div>\n\t\t\t\t\t<\/div>\n\n\t\n\n\t<div id=\"col-287316031\" class=\"col small-11 large-12\"  >\n\t\t\t\t<div class=\"col-inner text-left\"  >\n\t\t\t\n\t\t\t\n\n<div class=\"row row-collapse\"  id=\"row-2147345791\">\n\n\n\t<div id=\"col-390937619\" class=\"col z-high medium-6 small-12 large-5\"  >\n\t\t\t\t<div class=\"col-inner box-shadow-3 box-shadow-3-hover\" style=\"background-color:rgba(144, 160, 170, 0.884);\" >\n\t\t\t\n\t\t\t\n\n\t<div id=\"text-2339217281\" class=\"text\">\n\t\t\n\n<h2 class=\"alt-font\">Verk\u00f6stigung<\/h2>\n\t\t\n<style>\n#text-2339217281 {\n  font-size: 1.5rem;\n  line-height: 0.75;\n}\n<\/style>\n\t<\/div>\n\t\n\t<div id=\"text-591069939\" class=\"text\">\n\t\t\n\n<p>Erstaunlich saisonale Produkte und regionale Spezialit\u00e4ten<\/p>\n<ul>\n<li><strong>Restaurants<\/strong><\/li>\n<li><strong>M\u00e4rkte<\/strong><\/li>\n<li><strong>Weine<\/strong><\/li>\n<li><strong>Spezialit\u00e4ten<\/strong>\u00a0\u2013 Oliven\u00f6l, saisonale Produkte, wie z.B. Kirschen, Melonen, Feigen und Tr\u00fcffel<\/li>\n<\/ul>\n\t\t\n<style>\n#text-591069939 {\n  font-size: 0.9rem;\n}\n<\/style>\n\t<\/div>\n\t\n\n\t\t<\/div>\n\t\t\t\t\n<style>\n#col-390937619 > .col-inner {\n  padding: 30px 30px 10px 30px;\n}\n<\/style>\n\t<\/div>\n\n\t\n\n<\/div>\n\n\t\t<\/div>\n\t\t\t\t\n<style>\n#col-287316031 > .col-inner {\n  margin: 20px 0px 20px 20px;\n}\n@media (min-width:550px) {\n  #col-287316031 > .col-inner {\n    margin: -400px 0px 0px 40px;\n  }\n}\n@media (min-width:850px) {\n  #col-287316031 > .col-inner {\n    margin: -400px 0px 0px 40px;\n  }\n}\n<\/style>\n\t<\/div>\n\n\t\n\n<\/div>\n\n\t\t<\/div>\n\n\t\t\n<style>\n#section_1331406191 {\n  padding-top: 0px;\n  padding-bottom: 0px;\n}\n#section_1331406191 .ux-shape-divider--top svg {\n  height: 150px;\n  --divider-top-width: 100%;\n}\n#section_1331406191 .ux-shape-divider--bottom svg {\n  height: 150px;\n  --divider-width: 100%;\n}\n<\/style>\n\t<\/section>\n\t\n\n","protected":false},"excerpt":{"rendered":"","protected":false},"author":1,"featured_media":894,"parent":0,"menu_order":0,"comment_status":"closed","ping_status":"closed","template":"page-transparent-header-light.php","meta":{"footnotes":""},"class_list":["post-1042","page","type-page","status-publish","has-post-thumbnail","hentry"],"yoast_head":"<!-- This site is optimized with the Yoast SEO plugin v25.1 - https:\/\/yoast.com\/wordpress\/plugins\/seo\/ -->\n<title>Verk\u00f6stigung - La Ferme des B\u00e9lugues<\/title>\n<meta name=\"description\" content=\"Erstaunlich saisonale Produkte und regionale Spezialit\u00e4ten\" \/>\n<meta name=\"robots\" content=\"index, follow, max-snippet:-1, max-image-preview:large, max-video-preview:-1\" \/>\n<link rel=\"canonical\" href=\"https:\/\/lafermedesbelugues.com\/de\/verkoestigung\/\" \/>\n<meta property=\"og:locale\" content=\"de_DE\" \/>\n<meta property=\"og:type\" content=\"article\" \/>\n<meta property=\"og:title\" content=\"Verk\u00f6stigung - La Ferme des B\u00e9lugues\" \/>\n<meta property=\"og:description\" content=\"Erstaunlich saisonale Produkte und regionale Spezialit\u00e4ten\" \/>\n<meta property=\"og:url\" content=\"https:\/\/lafermedesbelugues.com\/de\/verkoestigung\/\" \/>\n<meta property=\"og:site_name\" content=\"La Ferme des B\u00e9lugues\" \/>\n<meta property=\"article:modified_time\" content=\"2023-02-08T14:32:28+00:00\" \/>\n<meta property=\"og:image\" content=\"https:\/\/lafermedesbelugues.com\/wp-content\/uploads\/2023\/02\/download-6-scaled.jpg\" \/>\n\t<meta property=\"og:image:width\" content=\"2560\" \/>\n\t<meta property=\"og:image:height\" content=\"1516\" \/>\n\t<meta property=\"og:image:type\" content=\"image\/jpeg\" \/>\n<meta name=\"twitter:card\" content=\"summary_large_image\" \/>\n<meta name=\"twitter:label1\" content=\"Gesch\u00e4tzte Lesezeit\" \/>\n\t<meta name=\"twitter:data1\" content=\"1\u00a0Minute\" \/>\n<script type=\"application\/ld+json\" class=\"yoast-schema-graph\">{\"@context\":\"https:\/\/schema.org\",\"@graph\":[{\"@type\":\"WebPage\",\"@id\":\"https:\/\/lafermedesbelugues.com\/de\/verkoestigung\/\",\"url\":\"https:\/\/lafermedesbelugues.com\/de\/verkoestigung\/\",\"name\":\"Verk\u00f6stigung - La Ferme des B\u00e9lugues\",\"isPartOf\":{\"@id\":\"https:\/\/lafermedesbelugues.com\/#website\"},\"primaryImageOfPage\":{\"@id\":\"https:\/\/lafermedesbelugues.com\/de\/verkoestigung\/#primaryimage\"},\"image\":{\"@id\":\"https:\/\/lafermedesbelugues.com\/de\/verkoestigung\/#primaryimage\"},\"thumbnailUrl\":\"https:\/\/lafermedesbelugues.com\/wp-content\/uploads\/2023\/02\/download-6-scaled.jpg\",\"datePublished\":\"2023-02-08T10:20:59+00:00\",\"dateModified\":\"2023-02-08T14:32:28+00:00\",\"description\":\"Erstaunlich saisonale Produkte und regionale Spezialit\u00e4ten\",\"breadcrumb\":{\"@id\":\"https:\/\/lafermedesbelugues.com\/de\/verkoestigung\/#breadcrumb\"},\"inLanguage\":\"de\",\"potentialAction\":[{\"@type\":\"ReadAction\",\"target\":[\"https:\/\/lafermedesbelugues.com\/de\/verkoestigung\/\"]}]},{\"@type\":\"ImageObject\",\"inLanguage\":\"de\",\"@id\":\"https:\/\/lafermedesbelugues.com\/de\/verkoestigung\/#primaryimage\",\"url\":\"https:\/\/lafermedesbelugues.com\/wp-content\/uploads\/2023\/02\/download-6-scaled.jpg\",\"contentUrl\":\"https:\/\/lafermedesbelugues.com\/wp-content\/uploads\/2023\/02\/download-6-scaled.jpg\",\"width\":2560,\"height\":1516},{\"@type\":\"BreadcrumbList\",\"@id\":\"https:\/\/lafermedesbelugues.com\/de\/verkoestigung\/#breadcrumb\",\"itemListElement\":[{\"@type\":\"ListItem\",\"position\":1,\"name\":\"Home\",\"item\":\"https:\/\/lafermedesbelugues.com\/de\/\"},{\"@type\":\"ListItem\",\"position\":2,\"name\":\"Verk\u00f6stigung\"}]},{\"@type\":\"WebSite\",\"@id\":\"https:\/\/lafermedesbelugues.com\/#website\",\"url\":\"https:\/\/lafermedesbelugues.com\/\",\"name\":\"La Ferme des B\u00e9lugues\",\"description\":\"Chambre d\u2019h\u00f4te at the foot of Mont Ventoux and the Dentelles du Montmiral\",\"potentialAction\":[{\"@type\":\"SearchAction\",\"target\":{\"@type\":\"EntryPoint\",\"urlTemplate\":\"https:\/\/lafermedesbelugues.com\/?s={search_term_string}\"},\"query-input\":{\"@type\":\"PropertyValueSpecification\",\"valueRequired\":true,\"valueName\":\"search_term_string\"}}],\"inLanguage\":\"de\"}]}<\/script>\n<!-- \/ Yoast SEO plugin. -->","yoast_head_json":{"title":"Verk\u00f6stigung - La Ferme des B\u00e9lugues","description":"Erstaunlich saisonale Produkte und regionale Spezialit\u00e4ten","robots":{"index":"index","follow":"follow","max-snippet":"max-snippet:-1","max-image-preview":"max-image-preview:large","max-video-preview":"max-video-preview:-1"},"canonical":"https:\/\/lafermedesbelugues.com\/de\/verkoestigung\/","og_locale":"de_DE","og_type":"article","og_title":"Verk\u00f6stigung - La Ferme des B\u00e9lugues","og_description":"Erstaunlich saisonale Produkte und regionale Spezialit\u00e4ten","og_url":"https:\/\/lafermedesbelugues.com\/de\/verkoestigung\/","og_site_name":"La Ferme des B\u00e9lugues","article_modified_time":"2023-02-08T14:32:28+00:00","og_image":[{"width":2560,"height":1516,"url":"https:\/\/lafermedesbelugues.com\/wp-content\/uploads\/2023\/02\/download-6-scaled.jpg","type":"image\/jpeg"}],"twitter_card":"summary_large_image","twitter_misc":{"Gesch\u00e4tzte Lesezeit":"1\u00a0Minute"},"schema":{"@context":"https:\/\/schema.org","@graph":[{"@type":"WebPage","@id":"https:\/\/lafermedesbelugues.com\/de\/verkoestigung\/","url":"https:\/\/lafermedesbelugues.com\/de\/verkoestigung\/","name":"Verk\u00f6stigung - La Ferme des B\u00e9lugues","isPartOf":{"@id":"https:\/\/lafermedesbelugues.com\/#website"},"primaryImageOfPage":{"@id":"https:\/\/lafermedesbelugues.com\/de\/verkoestigung\/#primaryimage"},"image":{"@id":"https:\/\/lafermedesbelugues.com\/de\/verkoestigung\/#primaryimage"},"thumbnailUrl":"https:\/\/lafermedesbelugues.com\/wp-content\/uploads\/2023\/02\/download-6-scaled.jpg","datePublished":"2023-02-08T10:20:59+00:00","dateModified":"2023-02-08T14:32:28+00:00","description":"Erstaunlich saisonale Produkte und regionale Spezialit\u00e4ten","breadcrumb":{"@id":"https:\/\/lafermedesbelugues.com\/de\/verkoestigung\/#breadcrumb"},"inLanguage":"de","potentialAction":[{"@type":"ReadAction","target":["https:\/\/lafermedesbelugues.com\/de\/verkoestigung\/"]}]},{"@type":"ImageObject","inLanguage":"de","@id":"https:\/\/lafermedesbelugues.com\/de\/verkoestigung\/#primaryimage","url":"https:\/\/lafermedesbelugues.com\/wp-content\/uploads\/2023\/02\/download-6-scaled.jpg","contentUrl":"https:\/\/lafermedesbelugues.com\/wp-content\/uploads\/2023\/02\/download-6-scaled.jpg","width":2560,"height":1516},{"@type":"BreadcrumbList","@id":"https:\/\/lafermedesbelugues.com\/de\/verkoestigung\/#breadcrumb","itemListElement":[{"@type":"ListItem","position":1,"name":"Home","item":"https:\/\/lafermedesbelugues.com\/de\/"},{"@type":"ListItem","position":2,"name":"Verk\u00f6stigung"}]},{"@type":"WebSite","@id":"https:\/\/lafermedesbelugues.com\/#website","url":"https:\/\/lafermedesbelugues.com\/","name":"La Ferme des B\u00e9lugues","description":"Chambre d\u2019h\u00f4te at the foot of Mont Ventoux and the Dentelles du Montmiral","potentialAction":[{"@type":"SearchAction","target":{"@type":"EntryPoint","urlTemplate":"https:\/\/lafermedesbelugues.com\/?s={search_term_string}"},"query-input":{"@type":"PropertyValueSpecification","valueRequired":true,"valueName":"search_term_string"}}],"inLanguage":"de"}]}},"_links":{"self":[{"href":"https:\/\/lafermedesbelugues.com\/de\/wp-json\/wp\/v2\/pages\/1042","targetHints":{"allow":["GET"]}}],"collection":[{"href":"https:\/\/lafermedesbelugues.com\/de\/wp-json\/wp\/v2\/pages"}],"about":[{"href":"https:\/\/lafermedesbelugues.com\/de\/wp-json\/wp\/v2\/types\/page"}],"author":[{"embeddable":true,"href":"https:\/\/lafermedesbelugues.com\/de\/wp-json\/wp\/v2\/users\/1"}],"replies":[{"embeddable":true,"href":"https:\/\/lafermedesbelugues.com\/de\/wp-json\/wp\/v2\/comments?post=1042"}],"version-history":[{"count":1,"href":"https:\/\/lafermedesbelugues.com\/de\/wp-json\/wp\/v2\/pages\/1042\/revisions"}],"predecessor-version":[{"id":1043,"href":"https:\/\/lafermedesbelugues.com\/de\/wp-json\/wp\/v2\/pages\/1042\/revisions\/1043"}],"wp:featuredmedia":[{"embeddable":true,"href":"https:\/\/lafermedesbelugues.com\/de\/wp-json\/wp\/v2\/media\/894"}],"wp:attachment":[{"href":"https:\/\/lafermedesbelugues.com\/de\/wp-json\/wp\/v2\/media?parent=1042"}],"curies":[{"name":"wp","href":"https:\/\/api.w.org\/{rel}","templated":true}]}}